{"id":495,"date":"2019-12-12T12:57:28","date_gmt":"2019-12-12T12:57:28","guid":{"rendered":"https:\/\/bmaexperience.us\/?page_id=495"},"modified":"2020-05-29T15:09:30","modified_gmt":"2020-05-29T15:09:30","slug":"agenda","status":"publish","type":"page","link":"https:\/\/bmaexperience.us\/?page_id=495","title":{"rendered":"Agenda PortSetembro"},"content":{"rendered":"<p>[et_pb_section fb_built=&#8221;1&#8243; admin_label=&#8221;Hero Section&#8221; _builder_version=&#8221;4.0.6&#8243; use_background_color_gradient=&#8221;on&#8221; background_color_gradient_start=&#8221;#ff6a88&#8243; background_color_gradient_end=&#8221;#ff99ac&#8221; background_color_gradient_direction=&#8221;131deg&#8221; background_image=&#8221;https:\/\/bmaexperience.us\/wp-content\/uploads\/2019\/11\/bk1.jpg&#8221; custom_padding=&#8221;0px|0px|0px|0px|false|false&#8221; animation_style=&#8221;slide&#8221; animation_direction=&#8221;top&#8221; animation_intensity_slide=&#8221;2%&#8221; animation_starting_opacity=&#8221;100%&#8221; locked=&#8221;off&#8221;][et_pb_row _builder_version=&#8221;4.0.6&#8243;][et_pb_column type=&#8221;4_4&#8243; _builder_version=&#8221;4.0.6&#8243;][et_pb_image src=&#8221;https:\/\/bmaexperience.us\/wp-content\/uploads\/2019\/11\/logo4.png&#8221; show_bottom_space=&#8221;off&#8221; align=&#8221;center&#8221; _builder_version=&#8221;4.0.6&#8243;][\/et_pb_image][\/et_pb_column][\/et_pb_row][et_pb_row disabled_on=&#8221;off|off|off&#8221; _builder_version=&#8221;4.0.6&#8243; custom_margin=&#8221;0px||0px||false|false&#8221; custom_padding=&#8221;0px||0px||false|false&#8221;][et_pb_column type=&#8221;4_4&#8243; _builder_version=&#8221;4.0.6&#8243;][et_pb_image src=&#8221;https:\/\/bmaexperience.us\/wp-content\/uploads\/2020\/01\/IMERSAO-BMA-1024&#215;197.png&#8221; _builder_version=&#8221;4.0.6&#8243; width=&#8221;90%&#8221; module_alignment=&#8221;center&#8221;][\/et_pb_image][\/et_pb_column][\/et_pb_row][et_pb_row disabled_on=&#8221;off|off|off&#8221; _builder_version=&#8221;4.0.6&#8243; custom_margin=&#8221;0px||0px||false|false&#8221; custom_padding=&#8221;0px||0px||false|false&#8221;][et_pb_column type=&#8221;4_4&#8243; _builder_version=&#8221;4.0.6&#8243;][\/et_pb_column][\/et_pb_row][et_pb_row _builder_version=&#8221;4.0.6&#8243; width=&#8221;50%&#8221; custom_margin=&#8221;40px||0px||false|false&#8221; custom_padding=&#8221;0px||70px||false|false&#8221; locked=&#8221;off&#8221;][et_pb_column type=&#8221;4_4&#8243; _builder_version=&#8221;4.0.6&#8243;][et_pb_text _builder_version=&#8221;4.0.6&#8243; text_font=&#8221;Lato|700|||||||&#8221; text_text_color=&#8221;#ffffff&#8221; text_font_size=&#8221;30px&#8221; text_line_height=&#8221;40px&#8221; custom_margin=&#8221;||-3px|||&#8221; custom_padding=&#8221;||2px|||&#8221;]<\/p>\n<p style=\"text-align: center;\">Venha falar ingl\u00eas e viver a cultura americana na Blue Mountain Academy!!<\/p>\n<p style=\"text-align: center;\"><img loading=\"lazy\" decoding=\"async\" src=\"https:\/\/bmaexperience.us\/wp-content\/uploads\/2020\/02\/brflag.png\" alt=\"\" class=\"wp-image-580 alignnone size-full\" width=\"100\" height=\"58\" \/><br \/>Uni\u00e3o Sudeste Brasileira<br \/>A contagem regressiva come\u00e7a agora!<\/p>\n<p>[\/et_pb_text][\/et_pb_column][\/et_pb_row][et_pb_row _builder_version=&#8221;4.0.6&#8243; background_color=&#8221;rgba(0,0,0,0)&#8221; width=&#8221;100%&#8221; max_width=&#8221;843px&#8221; custom_margin=&#8221;|auto|-4px|auto||&#8221; custom_padding=&#8221;0px||4px|||&#8221;][et_pb_column type=&#8221;4_4&#8243; _builder_version=&#8221;4.0.6&#8243;][et_pb_countdown_timer date_time=&#8221;2020-09-07 08:00&#8243; _builder_version=&#8221;4.4.7&#8243; header_level=&#8221;h1&#8243; header_font=&#8221;Lato|900|||||||&#8221; header_text_color=&#8221;#ffffff&#8221; header_font_size=&#8221;30px&#8221; numbers_font=&#8221;Lato|700|||||||&#8221; numbers_text_align=&#8221;center&#8221; numbers_font_size=&#8221;39px&#8221; numbers_line_height=&#8221;0px&#8221; separator_font_size=&#8221;42px&#8221; separator_line_height=&#8221;1px&#8221; label_text_color=&#8221;#ffffff&#8221; label_font_size=&#8221;16px&#8221; background_color=&#8221;rgba(0,0,0,0)&#8221; width=&#8221;100%&#8221; max_width=&#8221;100%&#8221; max_height=&#8221;1000px&#8221; custom_margin=&#8221;-31px||0px||false|false&#8221; custom_padding=&#8221;0px||0px||false|false&#8221; hover_enabled=&#8221;0&#8243;][\/et_pb_countdown_timer][\/et_pb_column][\/et_pb_row][et_pb_row _builder_version=&#8221;4.0.6&#8243; custom_margin=&#8221;25px||||false|false&#8221; custom_padding=&#8221;2px|||||&#8221;][et_pb_column type=&#8221;4_4&#8243; _builder_version=&#8221;4.0.6&#8243;][\/et_pb_column][\/et_pb_row][et_pb_row _builder_version=&#8221;4.0.6&#8243;][et_pb_column type=&#8221;4_4&#8243; _builder_version=&#8221;4.0.6&#8243;][et_pb_divider show_divider=&#8221;off&#8221; _builder_version=&#8221;4.0.6&#8243; custom_padding=&#8221;380px||||false|false&#8221;][\/et_pb_divider][\/et_pb_column][\/et_pb_row][\/et_pb_section][et_pb_section fb_built=&#8221;1&#8243; _builder_version=&#8221;4.0.6&#8243; background_color=&#8221;#0c71c3&#8243; custom_padding=&#8221;||6px|||&#8221;][et_pb_row _builder_version=&#8221;4.0.6&#8243;][et_pb_column type=&#8221;4_4&#8243; _builder_version=&#8221;4.0.6&#8243;][et_pb_text _builder_version=&#8221;4.0.6&#8243; text_font=&#8221;Lato||||||||&#8221; text_text_color=&#8221;#ffffff&#8221; text_font_size=&#8221;43px&#8221; text_line_height=&#8221;43px&#8221; header_text_color=&#8221;#000000&#8243;]<\/p>\n<p style=\"text-align: center;\">AGENDA<\/p>\n<p>[\/et_pb_text][\/et_pb_column][\/et_pb_row][\/et_pb_section][et_pb_section fb_built=&#8221;1&#8243; _builder_version=&#8221;4.0.6&#8243; background_color=&#8221;#0c71c3&#8243; custom_margin=&#8221;0px||0px||false|false&#8221; custom_padding=&#8221;0px||0px||false|false&#8221;][et_pb_row column_structure=&#8221;1_4,1_4,1_4,1_4&#8243; _builder_version=&#8221;4.0.6&#8243;][et_pb_column type=&#8221;1_4&#8243; _builder_version=&#8221;4.0.6&#8243;][et_pb_text _builder_version=&#8221;4.0.6&#8243; text_font=&#8221;Poppins||||||||&#8221; text_text_color=&#8221;#ffffff&#8221; text_font_size=&#8221;18px&#8221; text_line_height=&#8221;1.8em&#8221; custom_padding=&#8221;||30px||false|false&#8221;]<\/p>\n<p><b>Dia 1 &#8211; 07\/09 ( Segunda)<\/b><\/p>\n<p><span style=\"font-weight: 400;\">Viagem a BMA<br \/><\/span><span style=\"font-size: 18px;\">Almo\u00e7o<br \/><\/span><span style=\"font-size: 18px;\">Orienta\u00e7\u00f5es\/Campus<br \/><\/span><span style=\"font-size: 18px;\">Atividades<br \/><\/span><span style=\"font-size: 18px;\">Ceia<br \/><\/span><span style=\"font-size: 18px;\">Descanso<\/span><\/p>\n<p><b>Dia 2 &#8211; 08\/09 (Ter\u00e7a)<\/b><\/p>\n<p><span style=\"font-weight: 400;\">Caf\u00e9 da <\/span><span style=\"font-weight: 400;\">manh\u00e3\u00a0<br \/><\/span><span style=\"font-size: 18px;\">Bloco Acad\u00eamico\u00a0<br \/><\/span><span style=\"font-size: 18px;\">Almo\u00e7o\u00a0<br \/><\/span><span style=\"font-size: 18px;\">Bloco Acad\u00eamico<br \/><\/span><span style=\"font-size: 18px;\">Experi\u00eancia de Avia\u00e7\u00e3o\u00a0<br \/><\/span><span style=\"font-size: 18px;\">Ceia<br \/><\/span><span style=\"font-size: 18px;\">Recrea\u00e7\u00e3o<\/span><\/p>\n<p><b>Dia 3 &#8211; 09\/09 (Quarta)<\/b><\/p>\n<p><span style=\"font-size: 18px;\">Caf\u00e9 a <\/span><span style=\"font-size: 18px;\">manh\u00e3\u00a0<br \/><\/span><span style=\"font-size: 18px;\">Bloco Acad\u00eamico\u00a0<br \/><\/span><span style=\"font-size: 18px;\">Almo\u00e7o<br \/><\/span><span style=\"font-size: 18px;\">Bloco Acad\u00eamico<br \/><\/span><span style=\"font-size: 18px;\">Recrea\u00e7\u00e3o<br \/><\/span><span style=\"font-size: 18px;\">Ceia<br \/><\/span><span style=\"font-size: 18px;\">Recrea\u00e7\u00e3o<\/span><span style=\"font-size: 18px;\">\u00a0<\/span><\/p>\n<p><b>Dia 4 &#8211; 10\/09 (Quinta)<\/b><\/p>\n<p><span style=\"font-weight: 400;\">Caf\u00e9 da <\/span><span style=\"font-weight: 400;\">manh\u00e3\u00a0<br \/><\/span><span style=\"font-size: 18px;\">Viagem para DC<br \/><\/span><span style=\"font-size: 18px;\">Visita a museus<br \/><\/span><span style=\"font-size: 18px;\">Almo\u00e7o em DC<br \/><\/span><span style=\"font-size: 18px;\">Visita a casa Branca\u00a0<br \/><\/span><span style=\"font-size: 18px;\">Jantar\u00a0<br \/><\/span><span style=\"font-size: 18px;\">Viagem de volta para BMA<\/span><\/p>\n<p>[\/et_pb_text][\/et_pb_column][et_pb_column type=&#8221;1_4&#8243; _builder_version=&#8221;4.0.6&#8243;][et_pb_text _builder_version=&#8221;4.0.6&#8243; text_font=&#8221;Poppins||||||||&#8221; text_text_color=&#8221;#ffffff&#8221; text_font_size=&#8221;18px&#8221; text_line_height=&#8221;1.8em&#8221; custom_padding=&#8221;||30px||false|false&#8221;]<\/p>\n<p><b style=\"font-size: 18px;\">Dia 5 &#8211; 11\/09 (Sexta)<\/b><b><\/b><\/p>\n<p><span style=\"font-weight: 400;\">Cafe de <\/span><span style=\"font-weight: 400;\">manh\u00e3\u00a0<br \/><\/span><span style=\"font-size: 18px;\">Bloco Acad\u00eamico<br \/><\/span><span style=\"font-size: 18px;\">Almo\u00e7o\u00a0<br \/><\/span><span style=\"font-size: 18px;\">Bloco Acad\u00eamico\u00a0<br \/><\/span><span style=\"font-size: 18px;\">Recrea\u00e7\u00e3o\u00a0<br \/><\/span><span style=\"font-size: 18px;\">Ceia<br \/><\/span><span style=\"font-size: 18px;\">Culto de por-do-sol<\/span><span style=\"font-size: 18px;\">\u00a0<\/span><\/p>\n<p><b>Dia 6 &#8211; 12\/09 (S\u00e1bado)<\/b><\/p>\n<p><span style=\"font-weight: 400;\">Caf\u00e9 da <\/span><span style=\"font-weight: 400;\">manh\u00e3\u00a0<br \/><\/span><span style=\"font-size: 18px;\">Igreja<br \/><\/span><span style=\"font-size: 18px;\">Almo\u00e7o<br \/><\/span><span style=\"font-size: 18px;\">Natureza- Pulpit Rock\u00a0<br \/><\/span><span style=\"font-size: 18px;\">Ceia\u00a0<br \/><\/span><span style=\"font-size: 18px;\">Social<\/span><\/p>\n<p><b style=\"font-size: 18px;\">Dia 7 &#8211; 13\/09 (Domingo)<\/b><\/p>\n<p><span style=\"font-weight: 400;\">Caf\u00e9 da <\/span><span style=\"font-weight: 400;\">manh\u00e3\u00a0<br \/><\/span><span style=\"font-size: 18px;\">Viagem a Hershey\u00a0<br \/><\/span><span style=\"font-size: 18px;\">Hershey Park\u00a0<br \/><\/span><span style=\"font-size: 18px;\">Almo\u00e7o\u00a0<br \/><\/span><span style=\"font-size: 18px;\">Hershey Park\u00a0<br \/><\/span><span style=\"font-size: 18px;\">Jantar livre\u00a0<br \/><\/span><span style=\"font-size: 18px;\">Viagem de volta para BMA<\/span><\/p>\n<p><b style=\"font-size: 18px;\">Day 8 &#8211; 14\/09 ( Segunda)\u00a0<\/b><span style=\"font-weight: 400;\"><\/span><\/p>\n<p><span style=\"font-weight: 400;\">Caf\u00e9 da manh\u00e3<br \/><\/span><span style=\"font-size: 18px;\">Bloco Acad\u00eamico<br \/><\/span><span style=\"font-size: 18px;\">Almo\u00e7o\u00a0<br \/><\/span><span style=\"font-size: 18px;\">Bloco Acad\u00eamico\u00a0<br \/><\/span><span style=\"font-size: 18px;\">Recrea\u00e7\u00e3o\u00a0<br \/><\/span><span style=\"font-size: 18px;\">Jantar<br \/><\/span><span style=\"font-size: 18px;\">Recrea\u00e7\u00e3o<\/span><\/p>\n<p>[\/et_pb_text][\/et_pb_column][et_pb_column type=&#8221;1_4&#8243; _builder_version=&#8221;4.0.6&#8243;][et_pb_text _builder_version=&#8221;4.0.6&#8243; text_font=&#8221;Poppins||||||||&#8221; text_text_color=&#8221;#ffffff&#8221; text_font_size=&#8221;18px&#8221; text_line_height=&#8221;1.8em&#8221; custom_padding=&#8221;||30px||false|false&#8221;]<\/p>\n<p><b>Dia 9 &#8211; 15\/09 (Ter\u00e7a)<\/b><\/p>\n<p><span style=\"font-weight: 400;\">Caf\u00e9 da manh\u00e3<br \/><\/span><span style=\"font-size: 18px;\">Viagem a Nova York<br \/><\/span><span style=\"font-size: 18px;\">Atividades\/ visita\u00e7\u00e3o\u00a0<br \/><\/span><span style=\"font-size: 18px;\">Almo\u00e7o<br \/><\/span><span style=\"font-size: 18px;\">Atividades\/Visita\u00e7\u00e3o\u00a0<br \/><\/span><span style=\"font-size: 18px;\">Jantar livre\u00a0<br \/><\/span><span style=\"font-weight: 400;\">Viagem ao Hotel\u00a0<br \/><\/span><span style=\"font-size: 18px;\">Hotel\u00a0<\/span><\/p>\n<p><b style=\"font-size: 18px;\">Dia 10 &#8211; 16\/09 (Quarta)<\/b><\/p>\n<p><span style=\"font-weight: 400;\">Caf\u00e9 da manh\u00e3<br \/><\/span><span style=\"font-size: 18px;\">Outlet Woodbury\u00a0<br \/><\/span><span style=\"font-size: 18px;\">Compras<br \/><\/span><span style=\"font-size: 18px;\">Almo\u00e7o Livre<br \/><\/span><span style=\"font-size: 18px;\">Compras<br \/><\/span><span style=\"font-size: 18px;\">Jantar livre\u00a0<br \/><\/span><span style=\"font-size: 18px;\">Viagem de volta para BMA\u00a0<\/span><\/p>\n<p><b style=\"font-size: 18px;\">Dia 11 &#8211; 17\/09 (Quinta)\u00a0<\/b><\/p>\n<p><span style=\"font-weight: 400;\">Caf\u00e9 da manh\u00e3<br \/><\/span><span style=\"font-size: 18px;\">Sa\u00edda para o Six Flags\u00a0<br \/><\/span><span style=\"font-size: 18px;\">Almo\u00e7o\u00a0<br \/><\/span><span style=\"font-size: 18px;\">Six Flags\u00a0<br \/><\/span><span style=\"font-size: 18px;\">Jantar livre<br \/><\/span><span style=\"font-size: 18px;\">Viagem de volta para BMA<\/span><\/p>\n<p><b style=\"font-size: 18px;\">Dia 12 &#8211; 18\/09 (Sexta)<\/b><span style=\"font-weight: 400;\"><\/span><\/p>\n<p><span style=\"font-weight: 400;\">Caf\u00e9 da manh\u00e3<br \/><\/span><span style=\"font-size: 18px;\">Bloco Acad\u00eamico\u00a0<br \/><\/span><span style=\"font-size: 18px;\">Almo\u00e7o\u00a0<br \/><\/span><span style=\"font-size: 18px;\">Bloco Acad\u00eamico\u00a0<br \/><\/span><span style=\"font-size: 18px;\">Recrea\u00e7\u00e3o\u00a0<br \/><\/span><span style=\"font-size: 18px;\">Jantar\u00a0<br \/><\/span><span style=\"font-size: 18px;\">Culto de por-do-sol<\/span><\/p>\n<p>[\/et_pb_text][\/et_pb_column][et_pb_column type=&#8221;1_4&#8243; _builder_version=&#8221;4.0.6&#8243;][et_pb_text _builder_version=&#8221;4.0.6&#8243; text_font=&#8221;Poppins||||||||&#8221; text_text_color=&#8221;#ffffff&#8221; text_font_size=&#8221;18px&#8221; text_line_height=&#8221;1.8em&#8221; custom_padding=&#8221;||30px||false|false&#8221;]<\/p>\n<p><b>Dia 13 &#8211; 19\/09 (S\u00e1bado)\u00a0<\/b><\/p>\n<p><span style=\"font-weight: 400;\">Caf\u00e9 da manh\u00e3<br \/><\/span><span style=\"font-size: 18px;\">Igreja\u00a0<br \/><\/span><span style=\"font-size: 18px;\">Almo\u00e7o\u00a0<br \/><\/span><span style=\"font-size: 18px;\">Natureza &#8211; passeio\u00a0<br \/><\/span><span style=\"font-size: 18px;\">Jantar\u00a0<br \/><\/span><span style=\"font-size: 18px;\">Despedida do S\u00e1bado\u00a0<br \/><\/span><span style=\"font-size: 18px;\">Social\u00a0<\/span><\/p>\n<p><b style=\"font-size: 18px;\">Dia 14 &#8211; 20\/09- (Domingo)\u00a0<\/b><\/p>\n<p><span style=\"font-size: 18px;\">Caf\u00e9 da manh\u00e3<br \/><\/span><span style=\"font-size: 18px;\">Bloco acad\u00eamico<br \/><\/span><span style=\"font-size: 18px;\">Almo\u00e7o\u00a0<br \/><\/span><span style=\"font-size: 18px;\">Festival de Esportes\u00a0<br \/><\/span><span style=\"font-size: 18px;\">Jantar especial\u00a0<br \/><\/span><span style=\"font-size: 18px;\">Cerim\u00f4nia de Formatura<\/span><\/p>\n<p><b style=\"font-size: 18px;\">Dia 15 &#8211; 21\/09- (Segunda)<\/b><\/p>\n<p><span style=\"font-size: 18px;\">Caf\u00e9 da manh\u00e3<br \/><\/span><span style=\"font-size: 18px;\">Outlet Tanager\u00a0<br \/><\/span><span style=\"font-size: 18px;\">Almo\u00e7o\u00a0<br \/><\/span><span style=\"font-size: 18px;\">Outlet Tanger\u00a0<br \/><\/span><span style=\"font-size: 18px;\">Jantar\u00a0<br \/><\/span><span style=\"font-size: 18px;\">Sight and Sound Theater\u00a0<br \/><\/span><span style=\"font-size: 18px;\">Viagem de volta para BMA\u00a0<\/span><\/p>\n<p><b style=\"font-size: 18px;\">Dia 16 &#8211; 22\/09- (T<b>er\u00e7a<\/b>)<\/b><\/p>\n<p><span style=\"font-size: 18px;\">Brunch de despedida<br \/><\/span><span style=\"font-size: 18px;\">Sa\u00edda<br \/><\/span><span style=\"font-size: 18px;\">Viagem ao aeroporto<\/span><\/p>\n<p>[\/et_pb_text][\/et_pb_column][\/et_pb_row][\/et_pb_section][et_pb_section fb_built=&#8221;1&#8243; _builder_version=&#8221;4.0.6&#8243; background_color=&#8221;#0c71c3&#8243; background_image=&#8221;https:\/\/bmaexperience.us\/wp-content\/uploads\/2019\/11\/garotos.png&#8221; background_position=&#8221;bottom_center&#8221; background_blend=&#8221;soft-light&#8221; custom_padding=&#8221;250px||250px||false|false&#8221; bottom_divider_style=&#8221;arrow3&#8243; bottom_divider_color=&#8221;#0c71c3&#8243; bottom_divider_height=&#8221;138px&#8221; bottom_divider_flip=&#8221;vertical&#8221;][et_pb_row _builder_version=&#8221;4.0.6&#8243;][et_pb_column type=&#8221;4_4&#8243; _builder_version=&#8221;4.0.6&#8243;][et_pb_image src=&#8221;https:\/\/bmaexperience.us\/wp-content\/uploads\/2019\/11\/placa2.png&#8221; align=&#8221;center&#8221; _builder_version=&#8221;4.0.6&#8243; width=&#8221;100%&#8221;][\/et_pb_image][\/et_pb_column][\/et_pb_row][\/et_pb_section][et_pb_section fb_built=&#8221;1&#8243; _builder_version=&#8221;4.0.6&#8243; background_color=&#8221;#0c71c3&#8243; background_enable_image=&#8221;off&#8221; background_size=&#8221;initial&#8221; background_position=&#8221;bottom_right&#8221; background_blend=&#8221;soft-light&#8221; custom_margin=&#8221;0px||||false|false&#8221; custom_padding=&#8221;0px||||false|false&#8221; locked=&#8221;off&#8221;][et_pb_row _builder_version=&#8221;4.0.6&#8243;][et_pb_column type=&#8221;4_4&#8243; _builder_version=&#8221;4.0.6&#8243;][et_pb_code _builder_version=&#8221;4.0.6&#8243; text_orientation=&#8221;center&#8221;]<iframe loading=\"lazy\" src=\"https:\/\/docs.google.com\/forms\/d\/e\/1FAIpQLScsa_xQcf9Zs-mPsQOA89AyKUCOrDCBV8JjQlBBGOW7fBuWew\/viewform?embedded=true\" width=\"640\" height=\"737\" frameborder=\"0\" marginheight=\"0\" marginwidth=\"0\">Cargando\u2026<\/iframe>[\/et_pb_code][\/et_pb_column][\/et_pb_row][\/et_pb_section]<\/p>\n","protected":false},"excerpt":{"rendered":"<p>Venha falar ingl\u00eas e viver a cultura americana na Blue Mountain Academy!! Uni\u00e3o Sudeste BrasileiraA contagem regressiva come\u00e7a agora!AGENDADia 1 &#8211; 07\/09 ( Segunda) Viagem a BMAAlmo\u00e7oOrienta\u00e7\u00f5es\/CampusAtividadesCeiaDescanso Dia 2 &#8211; 08\/09 (Ter\u00e7a) Caf\u00e9 da manh\u00e3\u00a0Bloco Acad\u00eamico\u00a0Almo\u00e7o\u00a0Bloco Acad\u00eamicoExperi\u00eancia de Avia\u00e7\u00e3o\u00a0CeiaRecrea\u00e7\u00e3o Dia 3 &#8211; 09\/09 (Quarta) Caf\u00e9 a manh\u00e3\u00a0Bloco Acad\u00eamico\u00a0Almo\u00e7oBloco Acad\u00eamicoRecrea\u00e7\u00e3oCeiaRecrea\u00e7\u00e3o\u00a0 Dia 4 &#8211; 10\/09 (Quinta) Caf\u00e9 [&hellip;]<\/p>\n","protected":false},"author":3,"featured_media":0,"parent":0,"menu_order":0,"comment_status":"closed","ping_status":"closed","template":"","meta":{"_et_pb_use_builder":"on","_et_pb_old_content":"","_et_gb_content_width":"","footnotes":""},"class_list":["post-495","page","type-page","status-publish","hentry"],"yoast_head":"<!-- This site is optimized with the Yoast SEO plugin v27.3 - https:\/\/yoast.com\/product\/yoast-seo-wordpress\/ -->\n<title>Agenda PortSetembro - BMA Experience<\/title>\n<meta name=\"robots\" content=\"index, follow, max-snippet:-1, max-image-preview:large, max-video-preview:-1\" \/>\n<link rel=\"canonical\" href=\"https:\/\/bmaexperience.us\/?page_id=495\" \/>\n<meta property=\"og:locale\" content=\"en_US\" \/>\n<meta property=\"og:type\" content=\"article\" \/>\n<meta property=\"og:title\" content=\"Agenda PortSetembro - BMA Experience\" \/>\n<meta property=\"og:description\" content=\"Venha falar ingl\u00eas e viver a cultura americana na Blue Mountain Academy!! Uni\u00e3o Sudeste BrasileiraA contagem regressiva come\u00e7a agora!AGENDADia 1 - 07\/09 ( Segunda) Viagem a BMAAlmo\u00e7oOrienta\u00e7\u00f5es\/CampusAtividadesCeiaDescanso Dia 2 - 08\/09 (Ter\u00e7a) Caf\u00e9 da manh\u00e3\u00a0Bloco Acad\u00eamico\u00a0Almo\u00e7o\u00a0Bloco Acad\u00eamicoExperi\u00eancia de Avia\u00e7\u00e3o\u00a0CeiaRecrea\u00e7\u00e3o Dia 3 - 09\/09 (Quarta) Caf\u00e9 a manh\u00e3\u00a0Bloco Acad\u00eamico\u00a0Almo\u00e7oBloco Acad\u00eamicoRecrea\u00e7\u00e3oCeiaRecrea\u00e7\u00e3o\u00a0 Dia 4 - 10\/09 (Quinta) Caf\u00e9 [&hellip;]\" \/>\n<meta property=\"og:url\" content=\"https:\/\/bmaexperience.us\/?page_id=495\" \/>\n<meta property=\"og:site_name\" content=\"BMA Experience\" \/>\n<meta property=\"article:modified_time\" content=\"2020-05-29T15:09:30+00:00\" \/>\n<meta property=\"og:image\" content=\"https:\/\/bmaexperience.us\/wp-content\/uploads\/2020\/02\/brflag.png\" \/>\n<meta name=\"twitter:card\" content=\"summary_large_image\" \/>\n<meta name=\"twitter:label1\" content=\"Est. reading time\" \/>\n\t<meta name=\"twitter:data1\" content=\"6 minutes\" \/>\n<script type=\"application\/ld+json\" class=\"yoast-schema-graph\">{\"@context\":\"https:\\\/\\\/schema.org\",\"@graph\":[{\"@type\":\"WebPage\",\"@id\":\"https:\\\/\\\/bmaexperience.us\\\/?page_id=495\",\"url\":\"https:\\\/\\\/bmaexperience.us\\\/?page_id=495\",\"name\":\"Agenda PortSetembro - BMA Experience\",\"isPartOf\":{\"@id\":\"https:\\\/\\\/bmaexperience.us\\\/#website\"},\"primaryImageOfPage\":{\"@id\":\"https:\\\/\\\/bmaexperience.us\\\/?page_id=495#primaryimage\"},\"image\":{\"@id\":\"https:\\\/\\\/bmaexperience.us\\\/?page_id=495#primaryimage\"},\"thumbnailUrl\":\"https:\\\/\\\/bmaexperience.us\\\/wp-content\\\/uploads\\\/2020\\\/02\\\/brflag.png\",\"datePublished\":\"2019-12-12T12:57:28+00:00\",\"dateModified\":\"2020-05-29T15:09:30+00:00\",\"breadcrumb\":{\"@id\":\"https:\\\/\\\/bmaexperience.us\\\/?page_id=495#breadcrumb\"},\"inLanguage\":\"en-US\",\"potentialAction\":[{\"@type\":\"ReadAction\",\"target\":[\"https:\\\/\\\/bmaexperience.us\\\/?page_id=495\"]}]},{\"@type\":\"ImageObject\",\"inLanguage\":\"en-US\",\"@id\":\"https:\\\/\\\/bmaexperience.us\\\/?page_id=495#primaryimage\",\"url\":\"https:\\\/\\\/bmaexperience.us\\\/wp-content\\\/uploads\\\/2020\\\/02\\\/brflag.png\",\"contentUrl\":\"https:\\\/\\\/bmaexperience.us\\\/wp-content\\\/uploads\\\/2020\\\/02\\\/brflag.png\",\"width\":100,\"height\":58},{\"@type\":\"BreadcrumbList\",\"@id\":\"https:\\\/\\\/bmaexperience.us\\\/?page_id=495#breadcrumb\",\"itemListElement\":[{\"@type\":\"ListItem\",\"position\":1,\"name\":\"Home\",\"item\":\"https:\\\/\\\/bmaexperience.us\\\/\"},{\"@type\":\"ListItem\",\"position\":2,\"name\":\"Agenda PortSetembro\"}]},{\"@type\":\"WebSite\",\"@id\":\"https:\\\/\\\/bmaexperience.us\\\/#website\",\"url\":\"https:\\\/\\\/bmaexperience.us\\\/\",\"name\":\"BMA Experience\",\"description\":\"Just another WordPress site\",\"potentialAction\":[{\"@type\":\"SearchAction\",\"target\":{\"@type\":\"EntryPoint\",\"urlTemplate\":\"https:\\\/\\\/bmaexperience.us\\\/?s={search_term_string}\"},\"query-input\":{\"@type\":\"PropertyValueSpecification\",\"valueRequired\":true,\"valueName\":\"search_term_string\"}}],\"inLanguage\":\"en-US\"}]}<\/script>\n<!-- \/ Yoast SEO plugin. -->","yoast_head_json":{"title":"Agenda PortSetembro - BMA Experience","robots":{"index":"index","follow":"follow","max-snippet":"max-snippet:-1","max-image-preview":"max-image-preview:large","max-video-preview":"max-video-preview:-1"},"canonical":"https:\/\/bmaexperience.us\/?page_id=495","og_locale":"en_US","og_type":"article","og_title":"Agenda PortSetembro - BMA Experience","og_description":"Venha falar ingl\u00eas e viver a cultura americana na Blue Mountain Academy!! Uni\u00e3o Sudeste BrasileiraA contagem regressiva come\u00e7a agora!AGENDADia 1 - 07\/09 ( Segunda) Viagem a BMAAlmo\u00e7oOrienta\u00e7\u00f5es\/CampusAtividadesCeiaDescanso Dia 2 - 08\/09 (Ter\u00e7a) Caf\u00e9 da manh\u00e3\u00a0Bloco Acad\u00eamico\u00a0Almo\u00e7o\u00a0Bloco Acad\u00eamicoExperi\u00eancia de Avia\u00e7\u00e3o\u00a0CeiaRecrea\u00e7\u00e3o Dia 3 - 09\/09 (Quarta) Caf\u00e9 a manh\u00e3\u00a0Bloco Acad\u00eamico\u00a0Almo\u00e7oBloco Acad\u00eamicoRecrea\u00e7\u00e3oCeiaRecrea\u00e7\u00e3o\u00a0 Dia 4 - 10\/09 (Quinta) Caf\u00e9 [&hellip;]","og_url":"https:\/\/bmaexperience.us\/?page_id=495","og_site_name":"BMA Experience","article_modified_time":"2020-05-29T15:09:30+00:00","og_image":[{"url":"https:\/\/bmaexperience.us\/wp-content\/uploads\/2020\/02\/brflag.png","type":"","width":"","height":""}],"twitter_card":"summary_large_image","twitter_misc":{"Est. reading time":"6 minutes"},"schema":{"@context":"https:\/\/schema.org","@graph":[{"@type":"WebPage","@id":"https:\/\/bmaexperience.us\/?page_id=495","url":"https:\/\/bmaexperience.us\/?page_id=495","name":"Agenda PortSetembro - BMA Experience","isPartOf":{"@id":"https:\/\/bmaexperience.us\/#website"},"primaryImageOfPage":{"@id":"https:\/\/bmaexperience.us\/?page_id=495#primaryimage"},"image":{"@id":"https:\/\/bmaexperience.us\/?page_id=495#primaryimage"},"thumbnailUrl":"https:\/\/bmaexperience.us\/wp-content\/uploads\/2020\/02\/brflag.png","datePublished":"2019-12-12T12:57:28+00:00","dateModified":"2020-05-29T15:09:30+00:00","breadcrumb":{"@id":"https:\/\/bmaexperience.us\/?page_id=495#breadcrumb"},"inLanguage":"en-US","potentialAction":[{"@type":"ReadAction","target":["https:\/\/bmaexperience.us\/?page_id=495"]}]},{"@type":"ImageObject","inLanguage":"en-US","@id":"https:\/\/bmaexperience.us\/?page_id=495#primaryimage","url":"https:\/\/bmaexperience.us\/wp-content\/uploads\/2020\/02\/brflag.png","contentUrl":"https:\/\/bmaexperience.us\/wp-content\/uploads\/2020\/02\/brflag.png","width":100,"height":58},{"@type":"BreadcrumbList","@id":"https:\/\/bmaexperience.us\/?page_id=495#breadcrumb","itemListElement":[{"@type":"ListItem","position":1,"name":"Home","item":"https:\/\/bmaexperience.us\/"},{"@type":"ListItem","position":2,"name":"Agenda PortSetembro"}]},{"@type":"WebSite","@id":"https:\/\/bmaexperience.us\/#website","url":"https:\/\/bmaexperience.us\/","name":"BMA Experience","description":"Just another WordPress site","potentialAction":[{"@type":"SearchAction","target":{"@type":"EntryPoint","urlTemplate":"https:\/\/bmaexperience.us\/?s={search_term_string}"},"query-input":{"@type":"PropertyValueSpecification","valueRequired":true,"valueName":"search_term_string"}}],"inLanguage":"en-US"}]}},"_links":{"self":[{"href":"https:\/\/bmaexperience.us\/index.php?rest_route=\/wp\/v2\/pages\/495","targetHints":{"allow":["GET"]}}],"collection":[{"href":"https:\/\/bmaexperience.us\/index.php?rest_route=\/wp\/v2\/pages"}],"about":[{"href":"https:\/\/bmaexperience.us\/index.php?rest_route=\/wp\/v2\/types\/page"}],"author":[{"embeddable":true,"href":"https:\/\/bmaexperience.us\/index.php?rest_route=\/wp\/v2\/users\/3"}],"replies":[{"embeddable":true,"href":"https:\/\/bmaexperience.us\/index.php?rest_route=%2Fwp%2Fv2%2Fcomments&post=495"}],"version-history":[{"count":12,"href":"https:\/\/bmaexperience.us\/index.php?rest_route=\/wp\/v2\/pages\/495\/revisions"}],"predecessor-version":[{"id":761,"href":"https:\/\/bmaexperience.us\/index.php?rest_route=\/wp\/v2\/pages\/495\/revisions\/761"}],"wp:attachment":[{"href":"https:\/\/bmaexperience.us\/index.php?rest_route=%2Fwp%2Fv2%2Fmedia&parent=495"}],"curies":[{"name":"wp","href":"https:\/\/api.w.org\/{rel}","templated":true}]}}