{"id":763,"date":"2020-08-17T21:36:56","date_gmt":"2020-08-17T21:36:56","guid":{"rendered":"https:\/\/bmaexperience.us\/?page_id=763"},"modified":"2022-09-25T16:44:07","modified_gmt":"2022-09-25T16:44:07","slug":"home-2","status":"publish","type":"page","link":"https:\/\/bmaexperience.us\/","title":{"rendered":"Home Espa\u00f1ol"},"content":{"rendered":"<p>[et_pb_section fb_built=&#8221;1&#8243; _builder_version=&#8221;4.16&#8243; background_color=&#8221;#0c71c3&#8243; use_background_color_gradient=&#8221;on&#8221; background_color_gradient_stops=&#8221;#32b0ff 0%|#304df2 100%&#8221; background_color_gradient_start=&#8221;#32b0ff&#8221; background_color_gradient_end=&#8221;#304df2&#8243; background_enable_image=&#8221;off&#8221; custom_padding=&#8221;||2px|||&#8221; global_colors_info=&#8221;{}&#8221;][et_pb_row _builder_version=&#8221;4.16&#8243; global_colors_info=&#8221;{}&#8221;][et_pb_column type=&#8221;4_4&#8243; _builder_version=&#8221;4.16&#8243; global_colors_info=&#8221;{}&#8221;][et_pb_image src=&#8221;https:\/\/bmaexperience.us\/wp-content\/uploads\/2020\/08\/Immersion-BMA-Logo-02-02.png&#8221; title_text=&#8221;Immersion BMA Logo-02-02&#8243; show_bottom_space=&#8221;off&#8221; align=&#8221;center&#8221; _builder_version=&#8221;4.16&#8243; width=&#8221;52%&#8221; custom_margin=&#8221;||25px|||&#8221; custom_padding=&#8221;||0px|||&#8221; global_colors_info=&#8221;{}&#8221;][\/et_pb_image][\/et_pb_column][\/et_pb_row][et_pb_row disabled_on=&#8221;off|off|off&#8221; _builder_version=&#8221;4.16&#8243; custom_margin=&#8221;0px||0px||false|false&#8221; custom_padding=&#8221;0px||0px||false|false&#8221; locked=&#8221;off&#8221; global_colors_info=&#8221;{}&#8221;][et_pb_column type=&#8221;4_4&#8243; _builder_version=&#8221;4.16&#8243; global_colors_info=&#8221;{}&#8221;][et_pb_image src=&#8221;https:\/\/bmaexperience.us\/wp-content\/uploads\/2019\/12\/logo4-scaled.png&#8221; _builder_version=&#8221;4.16&#8243; width=&#8221;100%&#8221; module_alignment=&#8221;center&#8221; global_colors_info=&#8221;{}&#8221;][\/et_pb_image][\/et_pb_column][\/et_pb_row][et_pb_row _builder_version=&#8221;4.16&#8243; custom_padding=&#8221;67px||60px|||&#8221; global_colors_info=&#8221;{}&#8221;][et_pb_column type=&#8221;4_4&#8243; _builder_version=&#8221;4.16&#8243; global_colors_info=&#8221;{}&#8221;][et_pb_image src=&#8221;https:\/\/bmaexperience.us\/wp-content\/uploads\/2020\/02\/brflag.png&#8221; title_text=&#8221;brflag&#8221; url=&#8221;https:\/\/bmaexperience.us\/?page_id=652&#038;et_fb=1&#038;PageSpeed=off&#8221; _builder_version=&#8221;4.18.0&#8243; _module_preset=&#8221;default&#8221; hover_enabled=&#8221;0&#8243; global_colors_info=&#8221;{}&#8221; align=&#8221;center&#8221; sticky_enabled=&#8221;0&#8243;][\/et_pb_image][et_pb_text _builder_version=&#8221;4.18.0&#8243; _module_preset=&#8221;default&#8221; text_font_size=&#8221;30px&#8221; text_text_color=&#8221;#FFFFFF&#8221; hover_enabled=&#8221;0&#8243; sticky_enabled=&#8221;0&#8243; text_line_height=&#8221;1em&#8221; text_orientation=&#8221;center&#8221; text_font=&#8221;ABeeZee|700|||||||&#8221;]<\/p>\n<p style=\"text-align: center;\">Brazil<\/p>\n<p>[\/et_pb_text][et_pb_text _builder_version=&#8221;4.18.0&#8243; _module_preset=&#8221;default&#8221; text_text_color=&#8221;#FFFFFF&#8221; hover_enabled=&#8221;0&#8243; sticky_enabled=&#8221;0&#8243; text_font_size=&#8221;20px&#8221; text_font=&#8221;ABeeZee|700|||||||&#8221;]<\/p>\n<p style=\"text-align: center;\">2022 Preparar!<\/p>\n<p>[\/et_pb_text][et_pb_text _builder_version=&#8221;4.18.0&#8243; _module_preset=&#8221;default&#8221; hover_enabled=&#8221;0&#8243; sticky_enabled=&#8221;0&#8243; text_font=&#8221;ABeeZee|700|||||||&#8221; text_font_size=&#8221;22px&#8221;]<\/p>\n<p style=\"text-align: center;\"><a href=\"https:\/\/bmaexperience.us\/?page_id=629\">Ver Agenda<\/a><\/p>\n<p>[\/et_pb_text][et_pb_image src=&#8221;https:\/\/bmaexperience.us\/wp-content\/uploads\/2020\/02\/eua.png&#8221; title_text=&#8221;eua&#8221; url=&#8221;https:\/\/bmaexperience.us\/?page_id=464&#038;et_fb=1&#038;PageSpeed=off&#8221; _builder_version=&#8221;4.18.0&#8243; _module_preset=&#8221;default&#8221; hover_enabled=&#8221;0&#8243; global_colors_info=&#8221;{}&#8221; align=&#8221;center&#8221; sticky_enabled=&#8221;0&#8243;][\/et_pb_image][et_pb_text _builder_version=&#8221;4.18.0&#8243; _module_preset=&#8221;default&#8221; text_text_color=&#8221;#FFFFFF&#8221; text_font_size=&#8221;38px&#8221; text_font=&#8221;ABeeZee|700|||||||&#8221; text_orientation=&#8221;center&#8221; hover_enabled=&#8221;0&#8243; sticky_enabled=&#8221;0&#8243;]America[\/et_pb_text][et_pb_text _builder_version=&#8221;4.18.0&#8243; _module_preset=&#8221;default&#8221; text_font=&#8221;ABeeZee|700|||||||&#8221; text_font_size=&#8221;20px&#8221; text_text_color=&#8221;#FFFFFF&#8221; text_orientation=&#8221;center&#8221; hover_enabled=&#8221;0&#8243; sticky_enabled=&#8221;0&#8243;]2022 Get ready![\/et_pb_text][et_pb_text _builder_version=&#8221;4.18.0&#8243; _module_preset=&#8221;default&#8221; text_font=&#8221;ABeeZee|700|||||||&#8221; text_font_size=&#8221;22px&#8221; text_orientation=&#8221;center&#8221; text_text_color=&#8221;#0db1e8&#8243; hover_enabled=&#8221;0&#8243; sticky_enabled=&#8221;0&#8243;]<\/p>\n<p>See Schedule<\/p>\n<p>[\/et_pb_text][et_pb_image src=&#8221;https:\/\/bmaexperience.us\/wp-content\/uploads\/2020\/02\/mx.png&#8221; title_text=&#8221;mx&#8221; url=&#8221;https:\/\/bmaexperience.us\/&#8221; _builder_version=&#8221;4.18.0&#8243; _module_preset=&#8221;default&#8221; hover_enabled=&#8221;0&#8243; global_colors_info=&#8221;{}&#8221; align=&#8221;center&#8221; sticky_enabled=&#8221;0&#8243;][\/et_pb_image][et_pb_text _builder_version=&#8221;4.18.0&#8243; text_font=&#8221;ABeeZee|700|||||||&#8221; text_text_color=&#8221;#ffffff&#8221; text_font_size=&#8221;30px&#8221; text_line_height=&#8221;40px&#8221; hover_enabled=&#8221;0&#8243; global_colors_info=&#8221;{}&#8221; sticky_enabled=&#8221;0&#8243;]<\/p>\n<p style=\"text-align: center;\">M\u00e9xico<\/p>\n<p>[\/et_pb_text][et_pb_text _builder_version=&#8221;4.18.0&#8243; text_font=&#8221;ABeeZee|700|||||||&#8221; text_text_color=&#8221;#ffffff&#8221; text_font_size=&#8221;20px&#8221; hover_enabled=&#8221;0&#8243; global_colors_info=&#8221;{}&#8221; sticky_enabled=&#8221;0&#8243;]<\/p>\n<p style=\"text-align: center;\">2022 Prep\u00e1rate!<\/p>\n<p>[\/et_pb_text][et_pb_text _builder_version=&#8221;4.18.0&#8243; text_font=&#8221;ABeeZee|700|||||||&#8221; text_text_color=&#8221;#ffffff&#8221; text_font_size=&#8221;20px&#8221; hover_enabled=&#8221;0&#8243; global_colors_info=&#8221;{}&#8221; sticky_enabled=&#8221;0&#8243;]<\/p>\n<p style=\"text-align: center;\"><a href=\"https:\/\/bmaexperience.us\/?page_id=629\">Ver Agenda<\/a><\/p>\n<p>[\/et_pb_text][et_pb_image src=&#8221;https:\/\/bmaexperience.us\/wp-content\/uploads\/2020\/02\/korea.png&#8221; title_text=&#8221;korea&#8221; url=&#8221;https:\/\/bmaexperience.us\/?page_id=682&#038;et_fb=1&#038;PageSpeed=off&#8221; _builder_version=&#8221;4.18.0&#8243; _module_preset=&#8221;default&#8221; hover_enabled=&#8221;0&#8243; global_colors_info=&#8221;{}&#8221; align=&#8221;center&#8221; sticky_enabled=&#8221;0&#8243;][\/et_pb_image][et_pb_text _builder_version=&#8221;4.18.0&#8243; _module_preset=&#8221;default&#8221; text_font=&#8221;ABeeZee|700|||||||&#8221; text_text_color=&#8221;#FFFFFF&#8221; text_font_size=&#8221;40px&#8221; text_orientation=&#8221;center&#8221; hover_enabled=&#8221;0&#8243; sticky_enabled=&#8221;0&#8243;]\ud55c\uad6d\uc778[\/et_pb_text][et_pb_text _builder_version=&#8221;4.18.0&#8243; _module_preset=&#8221;default&#8221; text_font=&#8221;ABeeZee|700|||||||&#8221; text_text_color=&#8221;#FFFFFF&#8221; text_font_size=&#8221;22px&#8221; text_orientation=&#8221;center&#8221; hover_enabled=&#8221;0&#8243; sticky_enabled=&#8221;0&#8243;]2022<br \/>\n\uc900\ube44\ud574![\/et_pb_text][et_pb_text _builder_version=&#8221;4.18.0&#8243; _module_preset=&#8221;default&#8221; hover_enabled=&#8221;0&#8243; sticky_enabled=&#8221;0&#8243; text_font=&#8221;ABeeZee|700|||||||&#8221; text_font_size=&#8221;22px&#8221;]<\/p>\n<p style=\"text-align: center;\"><a href=\"https:\/\/bmaexperience.us\/?page_id=629\">\uc77c\uc815<\/a><\/p>\n<p>[\/et_pb_text][et_pb_text _builder_version=&#8221;4.18.0&#8243; _module_preset=&#8221;default&#8221; hover_enabled=&#8221;0&#8243; sticky_enabled=&#8221;0&#8243;]<\/p>\n<p>Brazil<\/p>\n<p>[\/et_pb_text][\/et_pb_column][\/et_pb_row][\/et_pb_section][et_pb_section fb_built=&#8221;1&#8243; disabled_on=&#8221;on|on|off&#8221; _builder_version=&#8221;4.16&#8243; background_color=&#8221;#dfb758&#8243; background_image=&#8221;https:\/\/bmaexperience.us\/wp-content\/uploads\/2019\/11\/NY1.png&#8221; background_size=&#8221;initial&#8221; background_position=&#8221;bottom_center&#8221; custom_margin=&#8221;0px||0px||false|false&#8221; custom_padding=&#8221;50px||50px||false|false&#8221; top_divider_style=&#8221;clouds2&#8243; top_divider_color=&#8221;#304df2&#8243; locked=&#8221;off&#8221; global_colors_info=&#8221;{}&#8221;][et_pb_row column_structure=&#8221;1_5,1_5,1_5,1_5,1_5&#8243; disabled_on=&#8221;off|off|off&#8221; _builder_version=&#8221;4.16&#8243; background_enable_color=&#8221;off&#8221; custom_margin=&#8221;0px||0px||false|false&#8221; custom_padding=&#8221;42px||400px||false|false&#8221; global_colors_info=&#8221;{}&#8221;][et_pb_column type=&#8221;1_5&#8243; _builder_version=&#8221;4.16&#8243; custom_padding=&#8221;|||&#8221; global_colors_info=&#8221;{}&#8221; custom_padding__hover=&#8221;|||&#8221;][\/et_pb_column][et_pb_column type=&#8221;1_5&#8243; _builder_version=&#8221;4.16&#8243; custom_padding=&#8221;|||&#8221; global_colors_info=&#8221;{}&#8221; custom_padding__hover=&#8221;|||&#8221;][\/et_pb_column][et_pb_column type=&#8221;1_5&#8243; _builder_version=&#8221;4.16&#8243; custom_padding=&#8221;|||&#8221; global_colors_info=&#8221;{}&#8221; custom_padding__hover=&#8221;|||&#8221;][\/et_pb_column][et_pb_column type=&#8221;1_5&#8243; _builder_version=&#8221;4.16&#8243; custom_padding=&#8221;|||&#8221; global_colors_info=&#8221;{}&#8221; custom_padding__hover=&#8221;|||&#8221;][\/et_pb_column][et_pb_column type=&#8221;1_5&#8243; _builder_version=&#8221;4.16&#8243; custom_padding=&#8221;|||&#8221; global_colors_info=&#8221;{}&#8221; custom_padding__hover=&#8221;|||&#8221;][\/et_pb_column][\/et_pb_row][\/et_pb_section][et_pb_section fb_built=&#8221;1&#8243; disabled_on=&#8221;off|off|on&#8221; _builder_version=&#8221;4.16&#8243; background_color=&#8221;#dfb758&#8243; background_image=&#8221;https:\/\/bmaexperience.us\/wp-content\/uploads\/2020\/02\/city.png&#8221; background_size=&#8221;initial&#8221; background_position=&#8221;bottom_center&#8221; custom_margin=&#8221;0px||0px||false|false&#8221; custom_padding=&#8221;138px||50px||false|false&#8221; top_divider_style=&#8221;clouds2&#8243; top_divider_color=&#8221;#304df2&#8243; locked=&#8221;off&#8221; global_colors_info=&#8221;{}&#8221;][et_pb_row column_structure=&#8221;1_5,1_5,1_5,1_5,1_5&#8243; disabled_on=&#8221;off|off|off&#8221; _builder_version=&#8221;4.16&#8243; background_enable_color=&#8221;off&#8221; custom_margin=&#8221;-2px|auto|0px|auto|false|false&#8221; custom_padding=&#8221;210px||153px||false|false&#8221; global_colors_info=&#8221;{}&#8221;][et_pb_column type=&#8221;1_5&#8243; _builder_version=&#8221;4.16&#8243; custom_padding=&#8221;|||&#8221; global_colors_info=&#8221;{}&#8221; custom_padding__hover=&#8221;|||&#8221;][\/et_pb_column][et_pb_column type=&#8221;1_5&#8243; _builder_version=&#8221;4.16&#8243; custom_padding=&#8221;|||&#8221; global_colors_info=&#8221;{}&#8221; custom_padding__hover=&#8221;|||&#8221;][\/et_pb_column][et_pb_column type=&#8221;1_5&#8243; _builder_version=&#8221;4.16&#8243; custom_padding=&#8221;|||&#8221; global_colors_info=&#8221;{}&#8221; custom_padding__hover=&#8221;|||&#8221;][\/et_pb_column][et_pb_column type=&#8221;1_5&#8243; _builder_version=&#8221;4.16&#8243; custom_padding=&#8221;|||&#8221; global_colors_info=&#8221;{}&#8221; custom_padding__hover=&#8221;|||&#8221;][\/et_pb_column][et_pb_column type=&#8221;1_5&#8243; _builder_version=&#8221;4.16&#8243; custom_padding=&#8221;|||&#8221; global_colors_info=&#8221;{}&#8221; custom_padding__hover=&#8221;|||&#8221;][\/et_pb_column][\/et_pb_row][\/et_pb_section]<\/p>\n","protected":false},"excerpt":{"rendered":"<p>Brazil2022 Preparar!Ver AgendaAmerica2022 Get ready!See ScheduleM\u00e9xico2022 Prep\u00e1rate!Ver Agenda\ud55c\uad6d\uc7782022 \uc900\ube44\ud574!\uc77c\uc815Brazil<\/p>\n","protected":false},"author":4,"featured_media":0,"parent":0,"menu_order":0,"comment_status":"closed","ping_status":"closed","template":"","meta":{"_et_pb_use_builder":"on","_et_pb_old_content":"","_et_gb_content_width":"","footnotes":""},"class_list":["post-763","page","type-page","status-publish","hentry"],"yoast_head":"<!-- This site is optimized with the Yoast SEO plugin v27.3 - https:\/\/yoast.com\/product\/yoast-seo-wordpress\/ -->\n<title>Home Espa\u00f1ol - BMA Experience<\/title>\n<meta name=\"robots\" content=\"index, follow, max-snippet:-1, max-image-preview:large, max-video-preview:-1\" \/>\n<link rel=\"canonical\" href=\"https:\/\/bmaexperience.us\/\" \/>\n<meta property=\"og:locale\" content=\"en_US\" \/>\n<meta property=\"og:type\" content=\"article\" \/>\n<meta property=\"og:title\" content=\"Home Espa\u00f1ol - BMA Experience\" \/>\n<meta property=\"og:description\" content=\"Brazil2022 Preparar!Ver AgendaAmerica2022 Get ready!See ScheduleM\u00e9xico2022 Prep\u00e1rate!Ver Agenda\ud55c\uad6d\uc7782022 \uc900\ube44\ud574!\uc77c\uc815Brazil\" \/>\n<meta property=\"og:url\" content=\"https:\/\/bmaexperience.us\/\" \/>\n<meta property=\"og:site_name\" content=\"BMA Experience\" \/>\n<meta property=\"article:modified_time\" content=\"2022-09-25T16:44:07+00:00\" \/>\n<meta name=\"twitter:card\" content=\"summary_large_image\" \/>\n<meta name=\"twitter:label1\" content=\"Est. reading time\" \/>\n\t<meta name=\"twitter:data1\" content=\"5 minutes\" \/>\n<script type=\"application\/ld+json\" class=\"yoast-schema-graph\">{\"@context\":\"https:\\\/\\\/schema.org\",\"@graph\":[{\"@type\":\"WebPage\",\"@id\":\"https:\\\/\\\/bmaexperience.us\\\/\",\"url\":\"https:\\\/\\\/bmaexperience.us\\\/\",\"name\":\"Home Espa\u00f1ol - BMA Experience\",\"isPartOf\":{\"@id\":\"https:\\\/\\\/bmaexperience.us\\\/#website\"},\"datePublished\":\"2020-08-17T21:36:56+00:00\",\"dateModified\":\"2022-09-25T16:44:07+00:00\",\"breadcrumb\":{\"@id\":\"https:\\\/\\\/bmaexperience.us\\\/#breadcrumb\"},\"inLanguage\":\"en-US\",\"potentialAction\":[{\"@type\":\"ReadAction\",\"target\":[\"https:\\\/\\\/bmaexperience.us\\\/\"]}]},{\"@type\":\"BreadcrumbList\",\"@id\":\"https:\\\/\\\/bmaexperience.us\\\/#breadcrumb\",\"itemListElement\":[{\"@type\":\"ListItem\",\"position\":1,\"name\":\"Home\",\"item\":\"https:\\\/\\\/bmaexperience.us\\\/\"},{\"@type\":\"ListItem\",\"position\":2,\"name\":\"Home Espa\u00f1ol\"}]},{\"@type\":\"WebSite\",\"@id\":\"https:\\\/\\\/bmaexperience.us\\\/#website\",\"url\":\"https:\\\/\\\/bmaexperience.us\\\/\",\"name\":\"BMA Experience\",\"description\":\"Just another WordPress site\",\"potentialAction\":[{\"@type\":\"SearchAction\",\"target\":{\"@type\":\"EntryPoint\",\"urlTemplate\":\"https:\\\/\\\/bmaexperience.us\\\/?s={search_term_string}\"},\"query-input\":{\"@type\":\"PropertyValueSpecification\",\"valueRequired\":true,\"valueName\":\"search_term_string\"}}],\"inLanguage\":\"en-US\"}]}<\/script>\n<!-- \/ Yoast SEO plugin. -->","yoast_head_json":{"title":"Home Espa\u00f1ol - BMA Experience","robots":{"index":"index","follow":"follow","max-snippet":"max-snippet:-1","max-image-preview":"max-image-preview:large","max-video-preview":"max-video-preview:-1"},"canonical":"https:\/\/bmaexperience.us\/","og_locale":"en_US","og_type":"article","og_title":"Home Espa\u00f1ol - BMA Experience","og_description":"Brazil2022 Preparar!Ver AgendaAmerica2022 Get ready!See ScheduleM\u00e9xico2022 Prep\u00e1rate!Ver Agenda\ud55c\uad6d\uc7782022 \uc900\ube44\ud574!\uc77c\uc815Brazil","og_url":"https:\/\/bmaexperience.us\/","og_site_name":"BMA Experience","article_modified_time":"2022-09-25T16:44:07+00:00","twitter_card":"summary_large_image","twitter_misc":{"Est. reading time":"5 minutes"},"schema":{"@context":"https:\/\/schema.org","@graph":[{"@type":"WebPage","@id":"https:\/\/bmaexperience.us\/","url":"https:\/\/bmaexperience.us\/","name":"Home Espa\u00f1ol - BMA Experience","isPartOf":{"@id":"https:\/\/bmaexperience.us\/#website"},"datePublished":"2020-08-17T21:36:56+00:00","dateModified":"2022-09-25T16:44:07+00:00","breadcrumb":{"@id":"https:\/\/bmaexperience.us\/#breadcrumb"},"inLanguage":"en-US","potentialAction":[{"@type":"ReadAction","target":["https:\/\/bmaexperience.us\/"]}]},{"@type":"BreadcrumbList","@id":"https:\/\/bmaexperience.us\/#breadcrumb","itemListElement":[{"@type":"ListItem","position":1,"name":"Home","item":"https:\/\/bmaexperience.us\/"},{"@type":"ListItem","position":2,"name":"Home Espa\u00f1ol"}]},{"@type":"WebSite","@id":"https:\/\/bmaexperience.us\/#website","url":"https:\/\/bmaexperience.us\/","name":"BMA Experience","description":"Just another WordPress site","potentialAction":[{"@type":"SearchAction","target":{"@type":"EntryPoint","urlTemplate":"https:\/\/bmaexperience.us\/?s={search_term_string}"},"query-input":{"@type":"PropertyValueSpecification","valueRequired":true,"valueName":"search_term_string"}}],"inLanguage":"en-US"}]}},"_links":{"self":[{"href":"https:\/\/bmaexperience.us\/index.php?rest_route=\/wp\/v2\/pages\/763","targetHints":{"allow":["GET"]}}],"collection":[{"href":"https:\/\/bmaexperience.us\/index.php?rest_route=\/wp\/v2\/pages"}],"about":[{"href":"https:\/\/bmaexperience.us\/index.php?rest_route=\/wp\/v2\/types\/page"}],"author":[{"embeddable":true,"href":"https:\/\/bmaexperience.us\/index.php?rest_route=\/wp\/v2\/users\/4"}],"replies":[{"embeddable":true,"href":"https:\/\/bmaexperience.us\/index.php?rest_route=%2Fwp%2Fv2%2Fcomments&post=763"}],"version-history":[{"count":9,"href":"https:\/\/bmaexperience.us\/index.php?rest_route=\/wp\/v2\/pages\/763\/revisions"}],"predecessor-version":[{"id":824,"href":"https:\/\/bmaexperience.us\/index.php?rest_route=\/wp\/v2\/pages\/763\/revisions\/824"}],"wp:attachment":[{"href":"https:\/\/bmaexperience.us\/index.php?rest_route=%2Fwp%2Fv2%2Fmedia&parent=763"}],"curies":[{"name":"wp","href":"https:\/\/api.w.org\/{rel}","templated":true}]}}